{"id":15745,"date":"2023-01-25T14:50:17","date_gmt":"2023-01-25T14:50:17","guid":{"rendered":"https:\/\/oculosparatodos.pt\/planetaparatodos\/?post_type=product&#038;p=15745"},"modified":"2023-01-27T10:15:29","modified_gmt":"2023-01-27T10:15:29","slug":"cravo-bio1135","status":"publish","type":"product","link":"https:\/\/oculosparatodos.pt\/planetaparatodos\/index.php\/product\/cravo-bio1135\/","title":{"rendered":"CRAVO BIO1135"},"content":{"rendered":"<p><span style=\"font-weight: 400;\">Tamanhos:<\/span><\/p>\n<p><span style=\"font-weight: 400;\">Aro &#8211; 48<\/span><\/p>\n<p><span style=\"font-weight: 400;\">Ponte &#8211; 20<\/span><\/p>\n<p><span style=\"font-weight: 400;\">Hastes &#8211; 146<\/span><\/p>\n<p><span style=\"font-weight: 400;\">\u00a0<\/span><\/p>\n<p><b>Arma\u00e7\u00f5es escolhidas pelos nossos especialistas em \u00d3tica, tendo em conta os principais detalhes influenciadores na hora da sua compra:<\/b><\/p>\n<ul>\n<li><strong>Qualidade \/ Resist\u00eancia do material;<\/strong><\/li>\n<\/ul>\n<ul>\n<li><strong>Conforto durante o seu uso;<\/strong><\/li>\n<\/ul>\n<ul>\n<li><strong>Aspeto Fashion, Atual e Diferenciado.<\/strong><\/li>\n<\/ul>\n","protected":false},"excerpt":{"rendered":"<p>Tamanhos: Aro &#8211; 48 Ponte &#8211; 20 Hastes &#8211; 146 \u00a0 Arma\u00e7\u00f5es escolhidas pelos nossos especialistas em \u00d3tica, tendo em conta os principais detalhes influenciadores na hora da sua compra:&#8230;<\/p>\n","protected":false},"featured_media":15596,"comment_status":"closed","ping_status":"closed","template":"","meta":[],"product_brand":[],"product_cat":[45,44],"product_tag":[46],"class_list":{"0":"post-15745","1":"product","2":"type-product","3":"status-publish","4":"has-post-thumbnail","6":"product_cat-biodegradavel","7":"product_cat-oculos-de-visao","8":"product_tag-acetato","10":"first","11":"instock","12":"shipping-taxable","13":"product-type-external"},"yoast_head":"<!-- This site is optimized with the Yoast SEO plugin v27.1.1 - https:\/\/yoast.com\/product\/yoast-seo-wordpress\/ -->\n<title>CRAVO BIO1135 - Planeta Para Todos<\/title>\n<meta name=\"robots\" content=\"index, follow, max-snippet:-1, max-image-preview:large, max-video-preview:-1\" \/>\n<link rel=\"canonical\" href=\"https:\/\/oculosparatodos.pt\/planetaparatodos\/index.php\/product\/cravo-bio1135\/\" \/>\n<meta property=\"og:locale\" content=\"pt_PT\" \/>\n<meta property=\"og:type\" content=\"article\" \/>\n<meta property=\"og:title\" content=\"CRAVO BIO1135 - Planeta Para Todos\" \/>\n<meta property=\"og:description\" content=\"Tamanhos: Aro &#8211; 48 Ponte &#8211; 20 Hastes &#8211; 146 \u00a0 Arma\u00e7\u00f5es escolhidas pelos nossos especialistas em \u00d3tica, tendo em conta os principais detalhes influenciadores na hora da sua compra:...\" \/>\n<meta property=\"og:url\" content=\"https:\/\/oculosparatodos.pt\/planetaparatodos\/index.php\/product\/cravo-bio1135\/\" \/>\n<meta property=\"og:site_name\" content=\"Planeta Para Todos\" \/>\n<meta property=\"article:modified_time\" content=\"2023-01-27T10:15:29+00:00\" \/>\n<meta property=\"og:image\" content=\"https:\/\/oculosparatodos.pt\/planetaparatodos\/wp-content\/uploads\/2023\/01\/BOA1135-C2.jpg\" \/>\n\t<meta property=\"og:image:width\" content=\"1800\" \/>\n\t<meta property=\"og:image:height\" content=\"1800\" \/>\n\t<meta property=\"og:image:type\" content=\"image\/jpeg\" \/>\n<meta name=\"twitter:card\" content=\"summary_large_image\" \/>\n<meta name=\"twitter:label1\" content=\"Est. reading time\" \/>\n\t<meta name=\"twitter:data1\" content=\"1 minuto\" \/>\n<script type=\"application\/ld+json\" class=\"yoast-schema-graph\">{\"@context\":\"https:\/\/schema.org\",\"@graph\":[{\"@type\":\"WebPage\",\"@id\":\"https:\/\/oculosparatodos.pt\/planetaparatodos\/index.php\/product\/cravo-bio1135\/\",\"url\":\"https:\/\/oculosparatodos.pt\/planetaparatodos\/index.php\/product\/cravo-bio1135\/\",\"name\":\"CRAVO BIO1135 - Planeta Para Todos\",\"isPartOf\":{\"@id\":\"https:\/\/oculosparatodos.pt\/planetaparatodos\/#website\"},\"primaryImageOfPage\":{\"@id\":\"https:\/\/oculosparatodos.pt\/planetaparatodos\/index.php\/product\/cravo-bio1135\/#primaryimage\"},\"image\":{\"@id\":\"https:\/\/oculosparatodos.pt\/planetaparatodos\/index.php\/product\/cravo-bio1135\/#primaryimage\"},\"thumbnailUrl\":\"https:\/\/oculosparatodos.pt\/planetaparatodos\/wp-content\/uploads\/2023\/01\/BOA1135-C2.jpg\",\"datePublished\":\"2023-01-25T14:50:17+00:00\",\"dateModified\":\"2023-01-27T10:15:29+00:00\",\"breadcrumb\":{\"@id\":\"https:\/\/oculosparatodos.pt\/planetaparatodos\/index.php\/product\/cravo-bio1135\/#breadcrumb\"},\"inLanguage\":\"pt-PT\",\"potentialAction\":[{\"@type\":\"ReadAction\",\"target\":[\"https:\/\/oculosparatodos.pt\/planetaparatodos\/index.php\/product\/cravo-bio1135\/\"]}]},{\"@type\":\"ImageObject\",\"inLanguage\":\"pt-PT\",\"@id\":\"https:\/\/oculosparatodos.pt\/planetaparatodos\/index.php\/product\/cravo-bio1135\/#primaryimage\",\"url\":\"https:\/\/oculosparatodos.pt\/planetaparatodos\/wp-content\/uploads\/2023\/01\/BOA1135-C2.jpg\",\"contentUrl\":\"https:\/\/oculosparatodos.pt\/planetaparatodos\/wp-content\/uploads\/2023\/01\/BOA1135-C2.jpg\",\"width\":1800,\"height\":1800},{\"@type\":\"BreadcrumbList\",\"@id\":\"https:\/\/oculosparatodos.pt\/planetaparatodos\/index.php\/product\/cravo-bio1135\/#breadcrumb\",\"itemListElement\":[{\"@type\":\"ListItem\",\"position\":1,\"name\":\"Home\",\"item\":\"https:\/\/oculosparatodos.pt\/planetaparatodos\/\"},{\"@type\":\"ListItem\",\"position\":2,\"name\":\"Shop\",\"item\":\"https:\/\/oculosparatodos.pt\/planetaparatodos\/index.php\/shop\/\"},{\"@type\":\"ListItem\",\"position\":3,\"name\":\"CRAVO BIO1135\"}]},{\"@type\":\"WebSite\",\"@id\":\"https:\/\/oculosparatodos.pt\/planetaparatodos\/#website\",\"url\":\"https:\/\/oculosparatodos.pt\/planetaparatodos\/\",\"name\":\"Planeta Para Todos\",\"description\":\"\",\"potentialAction\":[{\"@type\":\"SearchAction\",\"target\":{\"@type\":\"EntryPoint\",\"urlTemplate\":\"https:\/\/oculosparatodos.pt\/planetaparatodos\/?s={search_term_string}\"},\"query-input\":{\"@type\":\"PropertyValueSpecification\",\"valueRequired\":true,\"valueName\":\"search_term_string\"}}],\"inLanguage\":\"pt-PT\"}]}<\/script>\n<!-- \/ Yoast SEO plugin. -->","yoast_head_json":{"title":"CRAVO BIO1135 - Planeta Para Todos","robots":{"index":"index","follow":"follow","max-snippet":"max-snippet:-1","max-image-preview":"max-image-preview:large","max-video-preview":"max-video-preview:-1"},"canonical":"https:\/\/oculosparatodos.pt\/planetaparatodos\/index.php\/product\/cravo-bio1135\/","og_locale":"pt_PT","og_type":"article","og_title":"CRAVO BIO1135 - Planeta Para Todos","og_description":"Tamanhos: Aro &#8211; 48 Ponte &#8211; 20 Hastes &#8211; 146 \u00a0 Arma\u00e7\u00f5es escolhidas pelos nossos especialistas em \u00d3tica, tendo em conta os principais detalhes influenciadores na hora da sua compra:...","og_url":"https:\/\/oculosparatodos.pt\/planetaparatodos\/index.php\/product\/cravo-bio1135\/","og_site_name":"Planeta Para Todos","article_modified_time":"2023-01-27T10:15:29+00:00","og_image":[{"width":1800,"height":1800,"url":"https:\/\/oculosparatodos.pt\/planetaparatodos\/wp-content\/uploads\/2023\/01\/BOA1135-C2.jpg","type":"image\/jpeg"}],"twitter_card":"summary_large_image","twitter_misc":{"Est. reading time":"1 minuto"},"schema":{"@context":"https:\/\/schema.org","@graph":[{"@type":"WebPage","@id":"https:\/\/oculosparatodos.pt\/planetaparatodos\/index.php\/product\/cravo-bio1135\/","url":"https:\/\/oculosparatodos.pt\/planetaparatodos\/index.php\/product\/cravo-bio1135\/","name":"CRAVO BIO1135 - Planeta Para Todos","isPartOf":{"@id":"https:\/\/oculosparatodos.pt\/planetaparatodos\/#website"},"primaryImageOfPage":{"@id":"https:\/\/oculosparatodos.pt\/planetaparatodos\/index.php\/product\/cravo-bio1135\/#primaryimage"},"image":{"@id":"https:\/\/oculosparatodos.pt\/planetaparatodos\/index.php\/product\/cravo-bio1135\/#primaryimage"},"thumbnailUrl":"https:\/\/oculosparatodos.pt\/planetaparatodos\/wp-content\/uploads\/2023\/01\/BOA1135-C2.jpg","datePublished":"2023-01-25T14:50:17+00:00","dateModified":"2023-01-27T10:15:29+00:00","breadcrumb":{"@id":"https:\/\/oculosparatodos.pt\/planetaparatodos\/index.php\/product\/cravo-bio1135\/#breadcrumb"},"inLanguage":"pt-PT","potentialAction":[{"@type":"ReadAction","target":["https:\/\/oculosparatodos.pt\/planetaparatodos\/index.php\/product\/cravo-bio1135\/"]}]},{"@type":"ImageObject","inLanguage":"pt-PT","@id":"https:\/\/oculosparatodos.pt\/planetaparatodos\/index.php\/product\/cravo-bio1135\/#primaryimage","url":"https:\/\/oculosparatodos.pt\/planetaparatodos\/wp-content\/uploads\/2023\/01\/BOA1135-C2.jpg","contentUrl":"https:\/\/oculosparatodos.pt\/planetaparatodos\/wp-content\/uploads\/2023\/01\/BOA1135-C2.jpg","width":1800,"height":1800},{"@type":"BreadcrumbList","@id":"https:\/\/oculosparatodos.pt\/planetaparatodos\/index.php\/product\/cravo-bio1135\/#breadcrumb","itemListElement":[{"@type":"ListItem","position":1,"name":"Home","item":"https:\/\/oculosparatodos.pt\/planetaparatodos\/"},{"@type":"ListItem","position":2,"name":"Shop","item":"https:\/\/oculosparatodos.pt\/planetaparatodos\/index.php\/shop\/"},{"@type":"ListItem","position":3,"name":"CRAVO BIO1135"}]},{"@type":"WebSite","@id":"https:\/\/oculosparatodos.pt\/planetaparatodos\/#website","url":"https:\/\/oculosparatodos.pt\/planetaparatodos\/","name":"Planeta Para Todos","description":"","potentialAction":[{"@type":"SearchAction","target":{"@type":"EntryPoint","urlTemplate":"https:\/\/oculosparatodos.pt\/planetaparatodos\/?s={search_term_string}"},"query-input":{"@type":"PropertyValueSpecification","valueRequired":true,"valueName":"search_term_string"}}],"inLanguage":"pt-PT"}]}},"_links":{"self":[{"href":"https:\/\/oculosparatodos.pt\/planetaparatodos\/index.php\/wp-json\/wp\/v2\/product\/15745","targetHints":{"allow":["GET"]}}],"collection":[{"href":"https:\/\/oculosparatodos.pt\/planetaparatodos\/index.php\/wp-json\/wp\/v2\/product"}],"about":[{"href":"https:\/\/oculosparatodos.pt\/planetaparatodos\/index.php\/wp-json\/wp\/v2\/types\/product"}],"replies":[{"embeddable":true,"href":"https:\/\/oculosparatodos.pt\/planetaparatodos\/index.php\/wp-json\/wp\/v2\/comments?post=15745"}],"wp:featuredmedia":[{"embeddable":true,"href":"https:\/\/oculosparatodos.pt\/planetaparatodos\/index.php\/wp-json\/wp\/v2\/media\/15596"}],"wp:attachment":[{"href":"https:\/\/oculosparatodos.pt\/planetaparatodos\/index.php\/wp-json\/wp\/v2\/media?parent=15745"}],"wp:term":[{"taxonomy":"product_brand","embeddable":true,"href":"https:\/\/oculosparatodos.pt\/planetaparatodos\/index.php\/wp-json\/wp\/v2\/product_brand?post=15745"},{"taxonomy":"product_cat","embeddable":true,"href":"https:\/\/oculosparatodos.pt\/planetaparatodos\/index.php\/wp-json\/wp\/v2\/product_cat?post=15745"},{"taxonomy":"product_tag","embeddable":true,"href":"https:\/\/oculosparatodos.pt\/planetaparatodos\/index.php\/wp-json\/wp\/v2\/product_tag?post=15745"}],"curies":[{"name":"wp","href":"https:\/\/api.w.org\/{rel}","templated":true}]}}